{"id":9988,"date":"2021-04-04T11:00:42","date_gmt":"2021-10-08T13:38:13","guid":{"rendered":"https:\/\/lorenzininaturamica.com\/shop\/melons-charentais\/"},"modified":"2023-07-19T16:10:38","modified_gmt":"2023-07-19T14:10:38","slug":"melons-charentais","status":"publish","type":"product","link":"https:\/\/lorenzininaturamica.com\/fr\/shop\/melons-charentais\/","title":{"rendered":"Melons Charentais"},"content":{"rendered":"<p>Faites le plein de melons et surprenez votre famille et vos invit\u00e9s avec leur douceur!<\/p>\n<p>Le melon charentais peut \u00eatre consomm\u00e9 dans les 3 jours suivant sa r\u00e9ception et se caract\u00e9rise par une chair tr\u00e8s ferme, sucr\u00e9e et d&rsquo;une couleur orange intense.<\/p>\n<p><span style=\"font-family: 'HelveticaNowDisplay-ExtraBold';\">Prix \u00e0 melon:<\/span> 6,00 \u20ac (5,00 \u20ac au Kg)<\/p>\n","protected":false},"excerpt":{"rendered":"<p>Paquets de Melon Charentais,<br \/>\n\u00e0 consommer en 3 jours<\/p>\n","protected":false},"featured_media":13374,"template":"","meta":[],"product_cat":[177],"product_tag":[],"class_list":{"0":"post-9988","1":"product","2":"type-product","3":"status-publish","4":"has-post-thumbnail","6":"product_cat-melons-fr","8":"first","9":"outofstock","10":"taxable","11":"shipping-taxable","12":"purchasable","13":"product-type-variable"},"yoast_head":"<!-- This site is optimized with the Yoast SEO plugin v24.2 - https:\/\/yoast.com\/wordpress\/plugins\/seo\/ -->\n<title>Melons Charentais - Packs avec 6 ou 9 melons - Lorenzini<\/title>\n<meta name=\"description\" content=\"Les melons charentais se conservent jusqu&#039;\u00e0 3 jours, ont une pulpe ferme et croquante et une peau l\u00e9g\u00e8rement r\u00e9ticul\u00e9e. Paquets de 6 et 9.\" \/>\n<meta name=\"robots\" content=\"index, follow, max-snippet:-1, max-image-preview:large, max-video-preview:-1\" \/>\n<link rel=\"canonical\" href=\"https:\/\/lorenzininaturamica.com\/fr\/shop\/melons-charentais\/\" \/>\n<meta property=\"og:locale\" content=\"fr_FR\" \/>\n<meta property=\"og:type\" content=\"article\" \/>\n<meta property=\"og:title\" content=\"Melons Charentais - Packs avec 6 ou 9 melons - Lorenzini\" \/>\n<meta property=\"og:description\" content=\"Les melons charentais se conservent jusqu&#039;\u00e0 3 jours, ont une pulpe ferme et croquante et une peau l\u00e9g\u00e8rement r\u00e9ticul\u00e9e. Paquets de 6 et 9.\" \/>\n<meta property=\"og:url\" content=\"https:\/\/lorenzininaturamica.com\/fr\/shop\/melons-charentais\/\" \/>\n<meta property=\"og:site_name\" content=\"Lorenzini\" \/>\n<meta property=\"article:modified_time\" content=\"2023-07-19T14:10:38+00:00\" \/>\n<meta property=\"og:image\" content=\"https:\/\/lorenzininaturamica.com\/wp-content\/uploads\/2024\/04\/MeloneProdotto1.jpg\" \/>\n\t<meta property=\"og:image:width\" content=\"480\" \/>\n\t<meta property=\"og:image:height\" content=\"480\" \/>\n\t<meta property=\"og:image:type\" content=\"image\/jpeg\" \/>\n<meta name=\"twitter:card\" content=\"summary_large_image\" \/>\n<script type=\"application\/ld+json\" class=\"yoast-schema-graph\">{\"@context\":\"https:\/\/schema.org\",\"@graph\":[{\"@type\":\"WebPage\",\"@id\":\"https:\/\/lorenzininaturamica.com\/fr\/shop\/melons-charentais\/\",\"url\":\"https:\/\/lorenzininaturamica.com\/fr\/shop\/melons-charentais\/\",\"name\":\"Melons Charentais - Packs avec 6 ou 9 melons - Lorenzini\",\"isPartOf\":{\"@id\":\"https:\/\/lorenzininaturamica.com\/#website\"},\"primaryImageOfPage\":{\"@id\":\"https:\/\/lorenzininaturamica.com\/fr\/shop\/melons-charentais\/#primaryimage\"},\"image\":{\"@id\":\"https:\/\/lorenzininaturamica.com\/fr\/shop\/melons-charentais\/#primaryimage\"},\"thumbnailUrl\":\"https:\/\/lorenzininaturamica.com\/wp-content\/uploads\/2024\/04\/MeloneProdotto1.jpg\",\"datePublished\":\"2021-10-08T13:38:13+00:00\",\"dateModified\":\"2023-07-19T14:10:38+00:00\",\"description\":\"Les melons charentais se conservent jusqu'\u00e0 3 jours, ont une pulpe ferme et croquante et une peau l\u00e9g\u00e8rement r\u00e9ticul\u00e9e. Paquets de 6 et 9.\",\"breadcrumb\":{\"@id\":\"https:\/\/lorenzininaturamica.com\/fr\/shop\/melons-charentais\/#breadcrumb\"},\"inLanguage\":\"fr-FR\",\"potentialAction\":[{\"@type\":\"ReadAction\",\"target\":[\"https:\/\/lorenzininaturamica.com\/fr\/shop\/melons-charentais\/\"]}]},{\"@type\":\"ImageObject\",\"inLanguage\":\"fr-FR\",\"@id\":\"https:\/\/lorenzininaturamica.com\/fr\/shop\/melons-charentais\/#primaryimage\",\"url\":\"https:\/\/lorenzininaturamica.com\/wp-content\/uploads\/2024\/04\/MeloneProdotto1.jpg\",\"contentUrl\":\"https:\/\/lorenzininaturamica.com\/wp-content\/uploads\/2024\/04\/MeloneProdotto1.jpg\",\"width\":480,\"height\":480},{\"@type\":\"BreadcrumbList\",\"@id\":\"https:\/\/lorenzininaturamica.com\/fr\/shop\/melons-charentais\/#breadcrumb\",\"itemListElement\":[{\"@type\":\"ListItem\",\"position\":1,\"name\":\"Boutique\",\"item\":\"https:\/\/lorenzininaturamica.com\/fr\/boutique\/\"},{\"@type\":\"ListItem\",\"position\":2,\"name\":\"Melons Charentais\"}]},{\"@type\":\"WebSite\",\"@id\":\"https:\/\/lorenzininaturamica.com\/#website\",\"url\":\"https:\/\/lorenzininaturamica.com\/\",\"name\":\"Lorenzini\",\"description\":\"Natura Amica\",\"potentialAction\":[{\"@type\":\"SearchAction\",\"target\":{\"@type\":\"EntryPoint\",\"urlTemplate\":\"https:\/\/lorenzininaturamica.com\/?s={search_term_string}\"},\"query-input\":{\"@type\":\"PropertyValueSpecification\",\"valueRequired\":true,\"valueName\":\"search_term_string\"}}],\"inLanguage\":\"fr-FR\"}]}<\/script>\n<!-- \/ Yoast SEO plugin. -->","yoast_head_json":{"title":"Melons Charentais - Packs avec 6 ou 9 melons - Lorenzini","description":"Les melons charentais se conservent jusqu'\u00e0 3 jours, ont une pulpe ferme et croquante et une peau l\u00e9g\u00e8rement r\u00e9ticul\u00e9e. Paquets de 6 et 9.","robots":{"index":"index","follow":"follow","max-snippet":"max-snippet:-1","max-image-preview":"max-image-preview:large","max-video-preview":"max-video-preview:-1"},"canonical":"https:\/\/lorenzininaturamica.com\/fr\/shop\/melons-charentais\/","og_locale":"fr_FR","og_type":"article","og_title":"Melons Charentais - Packs avec 6 ou 9 melons - Lorenzini","og_description":"Les melons charentais se conservent jusqu'\u00e0 3 jours, ont une pulpe ferme et croquante et une peau l\u00e9g\u00e8rement r\u00e9ticul\u00e9e. Paquets de 6 et 9.","og_url":"https:\/\/lorenzininaturamica.com\/fr\/shop\/melons-charentais\/","og_site_name":"Lorenzini","article_modified_time":"2023-07-19T14:10:38+00:00","og_image":[{"width":480,"height":480,"url":"https:\/\/lorenzininaturamica.com\/wp-content\/uploads\/2024\/04\/MeloneProdotto1.jpg","type":"image\/jpeg"}],"twitter_card":"summary_large_image","schema":{"@context":"https:\/\/schema.org","@graph":[{"@type":"WebPage","@id":"https:\/\/lorenzininaturamica.com\/fr\/shop\/melons-charentais\/","url":"https:\/\/lorenzininaturamica.com\/fr\/shop\/melons-charentais\/","name":"Melons Charentais - Packs avec 6 ou 9 melons - Lorenzini","isPartOf":{"@id":"https:\/\/lorenzininaturamica.com\/#website"},"primaryImageOfPage":{"@id":"https:\/\/lorenzininaturamica.com\/fr\/shop\/melons-charentais\/#primaryimage"},"image":{"@id":"https:\/\/lorenzininaturamica.com\/fr\/shop\/melons-charentais\/#primaryimage"},"thumbnailUrl":"https:\/\/lorenzininaturamica.com\/wp-content\/uploads\/2024\/04\/MeloneProdotto1.jpg","datePublished":"2021-10-08T13:38:13+00:00","dateModified":"2023-07-19T14:10:38+00:00","description":"Les melons charentais se conservent jusqu'\u00e0 3 jours, ont une pulpe ferme et croquante et une peau l\u00e9g\u00e8rement r\u00e9ticul\u00e9e. Paquets de 6 et 9.","breadcrumb":{"@id":"https:\/\/lorenzininaturamica.com\/fr\/shop\/melons-charentais\/#breadcrumb"},"inLanguage":"fr-FR","potentialAction":[{"@type":"ReadAction","target":["https:\/\/lorenzininaturamica.com\/fr\/shop\/melons-charentais\/"]}]},{"@type":"ImageObject","inLanguage":"fr-FR","@id":"https:\/\/lorenzininaturamica.com\/fr\/shop\/melons-charentais\/#primaryimage","url":"https:\/\/lorenzininaturamica.com\/wp-content\/uploads\/2024\/04\/MeloneProdotto1.jpg","contentUrl":"https:\/\/lorenzininaturamica.com\/wp-content\/uploads\/2024\/04\/MeloneProdotto1.jpg","width":480,"height":480},{"@type":"BreadcrumbList","@id":"https:\/\/lorenzininaturamica.com\/fr\/shop\/melons-charentais\/#breadcrumb","itemListElement":[{"@type":"ListItem","position":1,"name":"Boutique","item":"https:\/\/lorenzininaturamica.com\/fr\/boutique\/"},{"@type":"ListItem","position":2,"name":"Melons Charentais"}]},{"@type":"WebSite","@id":"https:\/\/lorenzininaturamica.com\/#website","url":"https:\/\/lorenzininaturamica.com\/","name":"Lorenzini","description":"Natura Amica","potentialAction":[{"@type":"SearchAction","target":{"@type":"EntryPoint","urlTemplate":"https:\/\/lorenzininaturamica.com\/?s={search_term_string}"},"query-input":{"@type":"PropertyValueSpecification","valueRequired":true,"valueName":"search_term_string"}}],"inLanguage":"fr-FR"}]}},"_links":{"self":[{"href":"https:\/\/lorenzininaturamica.com\/fr\/wp-json\/wp\/v2\/product\/9988"}],"collection":[{"href":"https:\/\/lorenzininaturamica.com\/fr\/wp-json\/wp\/v2\/product"}],"about":[{"href":"https:\/\/lorenzininaturamica.com\/fr\/wp-json\/wp\/v2\/types\/product"}],"wp:featuredmedia":[{"embeddable":true,"href":"https:\/\/lorenzininaturamica.com\/fr\/wp-json\/wp\/v2\/media\/13374"}],"wp:attachment":[{"href":"https:\/\/lorenzininaturamica.com\/fr\/wp-json\/wp\/v2\/media?parent=9988"}],"wp:term":[{"taxonomy":"product_cat","embeddable":true,"href":"https:\/\/lorenzininaturamica.com\/fr\/wp-json\/wp\/v2\/product_cat?post=9988"},{"taxonomy":"product_tag","embeddable":true,"href":"https:\/\/lorenzininaturamica.com\/fr\/wp-json\/wp\/v2\/product_tag?post=9988"}],"curies":[{"name":"wp","href":"https:\/\/api.w.org\/{rel}","templated":true}]}}