{"id":9771,"date":"2021-10-07T15:17:48","date_gmt":"2021-10-07T13:17:48","guid":{"rendered":"https:\/\/lorenzininaturamica.com\/ce-quon-produit\/"},"modified":"2021-10-07T15:31:46","modified_gmt":"2021-10-07T13:31:46","slug":"ce-quon-produit","status":"publish","type":"page","link":"https:\/\/lorenzininaturamica.com\/fr\/ce-quon-produit\/","title":{"rendered":"Ce qu&rsquo;on produit"},"content":{"rendered":"<div class=\"wpb-content-wrapper\"><p>[vc_row full_width=\u00a0\u00bbstretch_row\u00a0\u00bb m_bottom=\u00a0\u00bb0&Prime; css=\u00a0\u00bb.vc_custom_1595256752657{background-position: center !important;background-repeat: no-repeat !important;background-size: cover !important;}\u00a0\u00bb]\n\t<div class=\"vc_col-sm-12 vc_col-md-offset-3 vc_col-md-6 wpb_column vc_column_container  wow animated fadeInUp\"  data-wow-delay=\"0ms\" data-wow-iteration=\"1\" >\n\t\t<div class=\"wpb_wrapper\">\n\t\t\t[ivan_title title_tag=\u00a0\u00bbh3&Prime; align=\u00a0\u00bbleft\u00a0\u00bb animation_iteration=\u00a0\u00bb1&Prime; c_id=\u00a0\u00bb.vc_1633612805744&Prime; subtitle_css=\u00a0\u00bbmargin-bottom:30px;\u00a0\u00bb sub=\u00a0\u00bbCE QUE NOUS PRODUISONS\u00a0\u00bb]Produits de <span class=\"underline-text-color\">qualit\u00e9<\/span>.[\/ivan_title][vc_column_text c_id=\u00a0\u00bb.vc_1600866834144&Prime;]<\/p>\n<p style=\"text-align: justify;\">Nous nous sp\u00e9cialisons dans la culture et la vente de fruits et l\u00e9gumes s\u00e9lectionn\u00e9s de haute qualit\u00e9 pour la consommation fra\u00eeche : Melon, Tomate, Past\u00e8que, Potiron et Courgette.<\/p>\n<p style=\"text-align: justify;\">Tous nos produits sont pr\u00e9sents sur les principaux march\u00e9s de fruits et l\u00e9gumes et dans les meilleurs supermarch\u00e9s italiens. ls sont \u00e9galement disponibles dans plusieurs march\u00e9s de fruits et l\u00e9gumes et dans d&rsquo;importantes cha\u00eenes de magasins europ\u00e9ennes.<\/p>\n<p>[\/vc_column_text]\n\t\t<\/div> <!-- END .wpb_wrapper -->\n\t<\/div> <!-- END  wpb_column vc_column_container  wow animated fadeInUp -->\n[\/vc_row][vc_row full_width=\u00a0\u00bbstretch_row_content_no_spaces\u00a0\u00bb m_bottom=\u00a0\u00bb0&Prime; el_id=\u00a0\u00bbbanner-prodotti\u00a0\u00bb css=\u00a0\u00bb.vc_custom_1600764653627{padding-top: 80px !important;}\u00a0\u00bb]\n\t<div class=\"vc_col-sm-1\/5 wpb_column vc_column_container \"  data-wow-delay=\"0ms\">\n\t\t<div class=\"wpb_wrapper\">\n\t\t\t[ivan_promo_box hover_effect=\u00a0\u00bbdark-overlay\u00a0\u00bb title=\u00a0\u00bbMelon\u00a0\u00bb button_link=\u00a0\u00bburl:https%3A%2F%2Florenzininaturamica.com%2Ffr%2Fmelon-fr%2F|title:Melon\u00a0\u00bb animation=\u00a0\u00bbfadeInUp\u00a0\u00bb animation_iteration=\u00a0\u00bb1&Prime; c_id=\u00a0\u00bb.vc_1633612841519&Prime; el_class=\u00a0\u00bbbox-melone\u00a0\u00bb][\/ivan_promo_box]\n\t\t<\/div> <!-- END .wpb_wrapper -->\n\t<\/div> <!-- END  wpb_column vc_column_container  -->\n\n\t<div class=\"vc_col-sm-1\/5 wpb_column vc_column_container \"  data-wow-delay=\"0ms\">\n\t\t<div class=\"wpb_wrapper\">\n\t\t\t[ivan_promo_box hover_effect=\u00a0\u00bbdark-overlay\u00a0\u00bb title=\u00a0\u00bbTomate\u00a0\u00bb button_link=\u00a0\u00bburl:https%3A%2F%2Florenzininaturamica.com%2Ffr%2Fdatterino-tomate%2F|title:Tomate\u00a0\u00bb animation=\u00a0\u00bbfadeInUp\u00a0\u00bb animation_delay=\u00a0\u00bb200&Prime; animation_iteration=\u00a0\u00bb1&Prime; c_id=\u00a0\u00bb.vc_1633612964595&Prime; el_class=\u00a0\u00bbbox-pomodoro\u00a0\u00bb][\/ivan_promo_box]\n\t\t<\/div> <!-- END .wpb_wrapper -->\n\t<\/div> <!-- END  wpb_column vc_column_container  -->\n\n\t<div class=\"vc_col-sm-1\/5 wpb_column vc_column_container \"  data-wow-delay=\"0ms\" data-wow-iteration=\"1\" >\n\t\t<div class=\"wpb_wrapper\">\n\t\t\t[ivan_promo_box hover_effect=\u00a0\u00bbdark-overlay\u00a0\u00bb title=\u00a0\u00bbPast\u00e8ques\u00a0\u00bb button_link=\u00a0\u00bburl:https%3A%2F%2Florenzininaturamica.com%2Ffr%2Fpasteque%2F|title:Past%C3%A8que\u00a0\u00bb animation=\u00a0\u00bbfadeInUp\u00a0\u00bb animation_delay=\u00a0\u00bb200&Prime; animation_iteration=\u00a0\u00bb1&Prime; c_id=\u00a0\u00bb.vc_1633613006164&Prime; el_class=\u00a0\u00bbbox-anguria\u00a0\u00bb][\/ivan_promo_box]\n\t\t<\/div> <!-- END .wpb_wrapper -->\n\t<\/div> <!-- END  wpb_column vc_column_container  -->\n\n\t<div class=\"vc_col-sm-1\/5 wpb_column vc_column_container \"  data-wow-delay=\"0ms\">\n\t\t<div class=\"wpb_wrapper\">\n\t\t\t[ivan_promo_box hover_effect=\u00a0\u00bbdark-overlay\u00a0\u00bb title=\u00a0\u00bbPotiron\u00a0\u00bb button_link=\u00a0\u00bburl:https%3A%2F%2Florenzininaturamica.com%2Ffr%2Fpotiron%2F|title:Potiron\u00a0\u00bb animation=\u00a0\u00bbfadeInUp\u00a0\u00bb animation_iteration=\u00a0\u00bb1&Prime; c_id=\u00a0\u00bb.vc_1633613037372&Prime; el_class=\u00a0\u00bbbox-zucca\u00a0\u00bb][\/ivan_promo_box]\n\t\t<\/div> <!-- END .wpb_wrapper -->\n\t<\/div> <!-- END  wpb_column vc_column_container  -->\n\n\t<div class=\"vc_col-sm-1\/5 wpb_column vc_column_container \"  data-wow-delay=\"0ms\">\n\t\t<div class=\"wpb_wrapper\">\n\t\t\t[ivan_promo_box hover_effect=\u00a0\u00bbdark-overlay\u00a0\u00bb title=\u00a0\u00bbCourgette\u00a0\u00bb button_link=\u00a0\u00bburl:https%3A%2F%2Florenzininaturamica.com%2Ffr%2Fcourgette%2F|title:Zucchina\u00a0\u00bb animation=\u00a0\u00bbfadeInUp\u00a0\u00bb animation_iteration=\u00a0\u00bb1&Prime; c_id=\u00a0\u00bb.vc_1633613073035&Prime; el_class=\u00a0\u00bbbox-zucchina\u00a0\u00bb][\/ivan_promo_box]\n\t\t<\/div> <!-- END .wpb_wrapper -->\n\t<\/div> <!-- END  wpb_column vc_column_container  -->\n[\/vc_row][vc_row full_width=\u00a0\u00bbstretch_row\u00a0\u00bb m_bottom=\u00a0\u00bb0&Prime; css=\u00a0\u00bb.vc_custom_1593684378460{padding-top: 80px !important;padding-bottom: 80px !important;}\u00a0\u00bb]\n\t<div class=\"vc_col-sm-2 wpb_column vc_column_container \"  data-wow-delay=\"0ms\">\n\t\t<div class=\"wpb_wrapper\">\n\t\t\t\n\t\t<\/div> <!-- END .wpb_wrapper -->\n\t<\/div> <!-- END  wpb_column vc_column_container  -->\n\n\t<div class=\"vc_col-sm-8 wpb_column vc_column_container  wow animated fadeInUp\"  data-wow-delay=\"0ms\" data-wow-iteration=\"1\" >\n\t\t<div class=\"wpb_wrapper\">\n\t\t\t[ivan_title title_tag=\u00a0\u00bbh2&Prime; align=\u00a0\u00bbleft\u00a0\u00bb animation=\u00a0\u00bbfadeInUp\u00a0\u00bb animation_iteration=\u00a0\u00bb1&Prime; c_id=\u00a0\u00bb.vc_1633613106526&Prime; subtitle_css=\u00a0\u00bbmargin-bottom:30px;\u00a0\u00bb]P\u00e9riodes de <span class=\"underline-text-color\">production<\/span>[\/ivan_title][vc_column_text css_animation=\u00a0\u00bbfadeInUp\u00a0\u00bb c_id=\u00a0\u00bb.vc_1599549812382&Prime;]Les politiques d&rsquo;efficacit\u00e9 \u00e9nerg\u00e9tique de l&rsquo;entreprise dans les serres et la pr\u00e9sence de deux sites de production dans des r\u00e9gions d&rsquo;Italie aussi diff\u00e9rentes que la vall\u00e9e du P\u00f4 et la Sicile, nous permettent de proposer nos produits pendant une p\u00e9riode qui couvre presque toute l&rsquo;ann\u00e9e.[\/vc_column_text][vc_single_image image=\u00a0\u00bb6836&Prime; img_size=\u00a0\u00bbfull\u00a0\u00bb alignment=\u00a0\u00bbcenter\u00a0\u00bb css=\u00a0\u00bb.vc_custom_1603290386363{padding-top: 80px !important;}\u00a0\u00bb]\n\t\t<\/div> <!-- END .wpb_wrapper -->\n\t<\/div> <!-- END  wpb_column vc_column_container  wow animated fadeInUp -->\n\n\t<div class=\"vc_col-sm-2 wpb_column vc_column_container \"  data-wow-delay=\"0ms\">\n\t\t<div class=\"wpb_wrapper\">\n\t\t\t\n\t\t<\/div> <!-- END .wpb_wrapper -->\n\t<\/div> <!-- END  wpb_column vc_column_container  -->\n[\/vc_row][vc_row full_width=\u00a0\u00bbstretch_row\u00a0\u00bb m_bottom=\u00a0\u00bb0&Prime; css=\u00a0\u00bb.vc_custom_1586164259600{padding-top: 50px !important;padding-bottom: 50px !important;background-color: #e5951f !important;}\u00a0\u00bb]\n\t<div class=\"vc_col-sm-12 wpb_column vc_column_container \" style=\"color:#ffffff;\"  data-wow-delay=\"0ms\" data-wow-iteration=\"1\" >\n\t\t<div class=\"wpb_wrapper\">\n\t\t\t[vc_column_text c_id=\u00a0\u00bb.vc_1594809075115&Prime; el_class=\u00a0\u00bbcta-shop\u00a0\u00bb]<\/p>\n<h2 style=\"text-align: center;\"><span style=\"color: #ffffff;\">Voulez-vous essayer nos produits?<\/span><\/h2>\n<p>[\/vc_column_text][ivan_button link=\u00a0\u00bbhttps:\/\/www.lorenzininaturamica.com\/fr\/boutique\u00a0\u00bb align=\u00a0\u00bbto-center\u00a0\u00bb animation_iteration=\u00a0\u00bb1&Prime; c_id=\u00a0\u00bb.vc_1633613357507&Prime; btn_css=\u00a0\u00bbbackground-color-hover:rgba(0,0,0,0.6);\u00a0\u00bb]Visitez la boutique[\/ivan_button]\n\t\t<\/div> <!-- END .wpb_wrapper -->\n\t<\/div> <!-- END  wpb_column vc_column_container  -->\n[\/vc_row]<\/p>\n<\/div>","protected":false},"excerpt":{"rendered":"<p>[vc_row full_width=\u00a0\u00bbstretch_row\u00a0\u00bb m_bottom=\u00a0\u00bb0&Prime; css=\u00a0\u00bb.vc_custom_1595256752657{background-position: center !important;background-repeat: no-repeat !important;background-size: cover !important;}\u00a0\u00bb][\/vc_row][vc_row full_width=\u00a0\u00bbstretch_row_content_no_spaces\u00a0\u00bb m_bottom=\u00a0\u00bb0&Prime; el_id=\u00a0\u00bbbanner-prodotti\u00a0\u00bb css=\u00a0\u00bb.vc_custom_1600764653627{padding-top: 80px !important;}\u00a0\u00bb][\/vc_row][vc_row full_width=\u00a0\u00bbstretch_row\u00a0\u00bb m_bottom=\u00a0\u00bb0&Prime; css=\u00a0\u00bb.vc_custom_1593684378460{padding-top: 80px !important;padding-bottom: 80px !important;}\u00a0\u00bb][\/vc_row][vc_row full_width=\u00a0\u00bbstretch_row\u00a0\u00bb m_bottom=\u00a0\u00bb0&Prime; css=\u00a0\u00bb.vc_custom_1586164259600{padding-top: 50px !important;padding-bottom: 50px !important;background-color: #e5951f !important;}\u00a0\u00bb][\/vc_row]<\/p>\n","protected":false},"author":1,"featured_media":0,"parent":0,"menu_order":0,"comment_status":"closed","ping_status":"closed","template":"","meta":{"footnotes":""},"class_list":["post-9771","page","type-page","status-publish","hentry"],"yoast_head":"<!-- This site is optimized with the Yoast SEO plugin v24.2 - https:\/\/yoast.com\/wordpress\/plugins\/seo\/ -->\n<title>Ce qu&#039;on produit: produits de qualit\u00e9 - Lorenzini<\/title>\n<meta name=\"description\" content=\"Nous sommes sp\u00e9cialis\u00e9s dans la culture et la vente de produits s\u00e9lectionn\u00e9s pour la consommation fra\u00eeche: Melon, Past\u00e8que, Tomate, Potiron et Courgette.\" \/>\n<meta name=\"robots\" content=\"index, follow, max-snippet:-1, max-image-preview:large, max-video-preview:-1\" \/>\n<link rel=\"canonical\" href=\"https:\/\/lorenzininaturamica.com\/fr\/ce-quon-produit\/\" \/>\n<meta property=\"og:locale\" content=\"fr_FR\" \/>\n<meta property=\"og:type\" content=\"article\" \/>\n<meta property=\"og:title\" content=\"Ce qu&#039;on produit: produits de qualit\u00e9 - Lorenzini\" \/>\n<meta property=\"og:description\" content=\"Nous sommes sp\u00e9cialis\u00e9s dans la culture et la vente de produits s\u00e9lectionn\u00e9s pour la consommation fra\u00eeche: Melon, Past\u00e8que, Tomate, Potiron et Courgette.\" \/>\n<meta property=\"og:url\" content=\"https:\/\/lorenzininaturamica.com\/fr\/ce-quon-produit\/\" \/>\n<meta property=\"og:site_name\" content=\"Lorenzini\" \/>\n<meta property=\"article:modified_time\" content=\"2021-10-07T13:31:46+00:00\" \/>\n<meta name=\"twitter:card\" content=\"summary_large_image\" \/>\n<meta name=\"twitter:label1\" content=\"Dur\u00e9e de lecture estim\u00e9e\" \/>\n\t<meta name=\"twitter:data1\" content=\"2 minutes\" \/>\n<script type=\"application\/ld+json\" class=\"yoast-schema-graph\">{\"@context\":\"https:\/\/schema.org\",\"@graph\":[{\"@type\":\"WebPage\",\"@id\":\"https:\/\/lorenzininaturamica.com\/fr\/ce-quon-produit\/\",\"url\":\"https:\/\/lorenzininaturamica.com\/fr\/ce-quon-produit\/\",\"name\":\"Ce qu'on produit: produits de qualit\u00e9 - Lorenzini\",\"isPartOf\":{\"@id\":\"https:\/\/lorenzininaturamica.com\/#website\"},\"datePublished\":\"2021-10-07T13:17:48+00:00\",\"dateModified\":\"2021-10-07T13:31:46+00:00\",\"description\":\"Nous sommes sp\u00e9cialis\u00e9s dans la culture et la vente de produits s\u00e9lectionn\u00e9s pour la consommation fra\u00eeche: Melon, Past\u00e8que, Tomate, Potiron et Courgette.\",\"inLanguage\":\"fr-FR\",\"potentialAction\":[{\"@type\":\"ReadAction\",\"target\":[\"https:\/\/lorenzininaturamica.com\/fr\/ce-quon-produit\/\"]}]},{\"@type\":\"WebSite\",\"@id\":\"https:\/\/lorenzininaturamica.com\/#website\",\"url\":\"https:\/\/lorenzininaturamica.com\/\",\"name\":\"Lorenzini\",\"description\":\"Natura Amica\",\"potentialAction\":[{\"@type\":\"SearchAction\",\"target\":{\"@type\":\"EntryPoint\",\"urlTemplate\":\"https:\/\/lorenzininaturamica.com\/?s={search_term_string}\"},\"query-input\":{\"@type\":\"PropertyValueSpecification\",\"valueRequired\":true,\"valueName\":\"search_term_string\"}}],\"inLanguage\":\"fr-FR\"}]}<\/script>\n<!-- \/ Yoast SEO plugin. -->","yoast_head_json":{"title":"Ce qu'on produit: produits de qualit\u00e9 - Lorenzini","description":"Nous sommes sp\u00e9cialis\u00e9s dans la culture et la vente de produits s\u00e9lectionn\u00e9s pour la consommation fra\u00eeche: Melon, Past\u00e8que, Tomate, Potiron et Courgette.","robots":{"index":"index","follow":"follow","max-snippet":"max-snippet:-1","max-image-preview":"max-image-preview:large","max-video-preview":"max-video-preview:-1"},"canonical":"https:\/\/lorenzininaturamica.com\/fr\/ce-quon-produit\/","og_locale":"fr_FR","og_type":"article","og_title":"Ce qu'on produit: produits de qualit\u00e9 - Lorenzini","og_description":"Nous sommes sp\u00e9cialis\u00e9s dans la culture et la vente de produits s\u00e9lectionn\u00e9s pour la consommation fra\u00eeche: Melon, Past\u00e8que, Tomate, Potiron et Courgette.","og_url":"https:\/\/lorenzininaturamica.com\/fr\/ce-quon-produit\/","og_site_name":"Lorenzini","article_modified_time":"2021-10-07T13:31:46+00:00","twitter_card":"summary_large_image","twitter_misc":{"Dur\u00e9e de lecture estim\u00e9e":"2 minutes"},"schema":{"@context":"https:\/\/schema.org","@graph":[{"@type":"WebPage","@id":"https:\/\/lorenzininaturamica.com\/fr\/ce-quon-produit\/","url":"https:\/\/lorenzininaturamica.com\/fr\/ce-quon-produit\/","name":"Ce qu'on produit: produits de qualit\u00e9 - Lorenzini","isPartOf":{"@id":"https:\/\/lorenzininaturamica.com\/#website"},"datePublished":"2021-10-07T13:17:48+00:00","dateModified":"2021-10-07T13:31:46+00:00","description":"Nous sommes sp\u00e9cialis\u00e9s dans la culture et la vente de produits s\u00e9lectionn\u00e9s pour la consommation fra\u00eeche: Melon, Past\u00e8que, Tomate, Potiron et Courgette.","inLanguage":"fr-FR","potentialAction":[{"@type":"ReadAction","target":["https:\/\/lorenzininaturamica.com\/fr\/ce-quon-produit\/"]}]},{"@type":"WebSite","@id":"https:\/\/lorenzininaturamica.com\/#website","url":"https:\/\/lorenzininaturamica.com\/","name":"Lorenzini","description":"Natura Amica","potentialAction":[{"@type":"SearchAction","target":{"@type":"EntryPoint","urlTemplate":"https:\/\/lorenzininaturamica.com\/?s={search_term_string}"},"query-input":{"@type":"PropertyValueSpecification","valueRequired":true,"valueName":"search_term_string"}}],"inLanguage":"fr-FR"}]}},"_links":{"self":[{"href":"https:\/\/lorenzininaturamica.com\/fr\/wp-json\/wp\/v2\/pages\/9771"}],"collection":[{"href":"https:\/\/lorenzininaturamica.com\/fr\/wp-json\/wp\/v2\/pages"}],"about":[{"href":"https:\/\/lorenzininaturamica.com\/fr\/wp-json\/wp\/v2\/types\/page"}],"author":[{"embeddable":true,"href":"https:\/\/lorenzininaturamica.com\/fr\/wp-json\/wp\/v2\/users\/1"}],"replies":[{"embeddable":true,"href":"https:\/\/lorenzininaturamica.com\/fr\/wp-json\/wp\/v2\/comments?post=9771"}],"version-history":[{"count":0,"href":"https:\/\/lorenzininaturamica.com\/fr\/wp-json\/wp\/v2\/pages\/9771\/revisions"}],"wp:attachment":[{"href":"https:\/\/lorenzininaturamica.com\/fr\/wp-json\/wp\/v2\/media?parent=9771"}],"curies":[{"name":"wp","href":"https:\/\/api.w.org\/{rel}","templated":true}]}}